{"id":121,"date":"2024-05-16T18:14:06","date_gmt":"2024-05-16T18:14:06","guid":{"rendered":"https:\/\/modinatheme.com\/daltech\/?page_id=121"},"modified":"2024-12-14T14:29:14","modified_gmt":"2024-12-14T14:29:14","slug":"contacto","status":"publish","type":"page","link":"https:\/\/www.inkabor.com\/en\/contacto\/","title":{"rendered":"Contact us"},"content":{"rendered":"<div data-elementor-type=\"wp-page\" data-elementor-id=\"121\" class=\"elementor elementor-121\" data-elementor-post-type=\"page\">\n\t\t\t\t<div data-particle_enable=\"false\" data-particle-mobile-disabled=\"false\" class=\"elementor-element elementor-element-20f8d32 e-con-full e-flex wpr-particle-no wpr-jarallax-no wpr-parallax-no wpr-sticky-section-no e-con e-parent\" data-id=\"20f8d32\" data-element_type=\"container\" data-settings=\"{&quot;_ha_eqh_enable&quot;:false}\">\n\t\t<div data-particle_enable=\"false\" data-particle-mobile-disabled=\"false\" class=\"elementor-element elementor-element-bc4a694 e-con-full e-flex wpr-particle-no wpr-jarallax-no wpr-parallax-no wpr-sticky-section-no e-con e-child\" data-id=\"bc4a694\" data-element_type=\"container\" data-settings=\"{&quot;background_background&quot;:&quot;classic&quot;,&quot;_ha_eqh_enable&quot;:false}\">\n\t\t<div data-particle_enable=\"false\" data-particle-mobile-disabled=\"false\" class=\"elementor-element elementor-element-a9afcf6 e-flex e-con-boxed wpr-particle-no wpr-jarallax-no wpr-parallax-no wpr-sticky-section-no e-con e-child\" data-id=\"a9afcf6\" data-element_type=\"container\" data-settings=\"{&quot;_ha_eqh_enable&quot;:false}\">\n\t\t\t\t\t<div class=\"e-con-inner\">\n\t\t<div data-particle_enable=\"false\" data-particle-mobile-disabled=\"false\" class=\"elementor-element elementor-element-5f057aa e-con-full e-flex wpr-particle-no wpr-jarallax-no wpr-parallax-no wpr-sticky-section-no e-con e-child\" data-id=\"5f057aa\" data-element_type=\"container\" data-settings=\"{&quot;_ha_eqh_enable&quot;:false}\">\n\t\t\t\t<div class=\"elementor-element elementor-element-15ae19c elementor-position-left elementor-vertical-align-middle elementor-mobile-position-left elementor-view-default elementor-widget elementor-widget-icon-box\" data-id=\"15ae19c\" data-element_type=\"widget\" data-widget_type=\"icon-box.default\">\n\t\t\t\t<div class=\"elementor-widget-container\">\n\t\t\t\t\t<div class=\"elementor-icon-box-wrapper\">\n\n\t\t\t\t\t\t<div class=\"elementor-icon-box-icon\">\n\t\t\t\t<a href=\"https:\/\/www.inkabor.com\/en\" class=\"elementor-icon elementor-animation-\" tabindex=\"-1\">\n\t\t\t\t<svg aria-hidden=\"true\" class=\"e-font-icon-svg e-fas-home\" viewbox=\"0 0 576 512\" xmlns=\"http:\/\/www.w3.org\/2000\/svg\"><path d=\"M280.37 148.26L96 300.11V464a16 16 0 0 0 16 16l112.06-.29a16 16 0 0 0 15.92-16V368a16 16 0 0 1 16-16h64a16 16 0 0 1 16 16v95.64a16 16 0 0 0 16 16.05L464 480a16 16 0 0 0 16-16V300L295.67 148.26a12.19 12.19 0 0 0-15.3 0zM571.6 251.47L488 182.56V44.05a12 12 0 0 0-12-12h-56a12 12 0 0 0-12 12v72.61L318.47 43a48 48 0 0 0-61 0L4.34 251.47a12 12 0 0 0-1.6 16.9l25.5 31A12 12 0 0 0 45.15 301l235.22-193.74a12.19 12.19 0 0 1 15.3 0L530.9 301a12 12 0 0 0 16.9-1.6l25.5-31a12 12 0 0 0-1.7-16.93z\"><\/path><\/svg>\t\t\t\t<\/a>\n\t\t\t<\/div>\n\t\t\t\n\t\t\t\t\t\t<div class=\"elementor-icon-box-content\">\n\n\t\t\t\t\t\t\t\t\t<h3 class=\"elementor-icon-box-title\">\n\t\t\t\t\t\t<a href=\"https:\/\/www.inkabor.com\/en\" >\n\t\t\t\t\t\t\tHome\t\t\t\t\t\t<\/a>\n\t\t\t\t\t<\/h3>\n\t\t\t\t\n\t\t\t\t\n\t\t\t<\/div>\n\t\t\t\n\t\t<\/div>\n\t\t\t\t<\/div>\n\t\t\t\t<\/div>\n\t\t\t\t<\/div>\n\t\t<div data-particle_enable=\"false\" data-particle-mobile-disabled=\"false\" class=\"elementor-element elementor-element-a50243d e-con-full e-flex wpr-particle-no wpr-jarallax-no wpr-parallax-no wpr-sticky-section-no e-con e-child\" data-id=\"a50243d\" data-element_type=\"container\" data-settings=\"{&quot;_ha_eqh_enable&quot;:false}\">\n\t\t\t\t<div class=\"elementor-element elementor-element-2cb2413 elementor-view-default elementor-widget elementor-widget-icon\" data-id=\"2cb2413\" data-element_type=\"widget\" data-widget_type=\"icon.default\">\n\t\t\t\t<div class=\"elementor-widget-container\">\n\t\t\t\t\t<div class=\"elementor-icon-wrapper\">\n\t\t\t<div class=\"elementor-icon\">\n\t\t\t<svg aria-hidden=\"true\" class=\"e-font-icon-svg e-fas-angle-right\" viewbox=\"0 0 256 512\" xmlns=\"http:\/\/www.w3.org\/2000\/svg\"><path d=\"M224.3 273l-136 136c-9.4 9.4-24.6 9.4-33.9 0l-22.6-22.6c-9.4-9.4-9.4-24.6 0-33.9l96.4-96.4-96.4-96.4c-9.4-9.4-9.4-24.6 0-33.9L54.3 103c9.4-9.4 24.6-9.4 33.9 0l136 136c9.5 9.4 9.5 24.6.1 34z\"><\/path><\/svg>\t\t\t<\/div>\n\t\t<\/div>\n\t\t\t\t<\/div>\n\t\t\t\t<\/div>\n\t\t\t\t<\/div>\n\t\t<div data-particle_enable=\"false\" data-particle-mobile-disabled=\"false\" class=\"elementor-element elementor-element-538ec5b e-con-full e-flex wpr-particle-no wpr-jarallax-no wpr-parallax-no wpr-sticky-section-no e-con e-child\" data-id=\"538ec5b\" data-element_type=\"container\" data-settings=\"{&quot;_ha_eqh_enable&quot;:false}\">\n\t\t\t\t<\/div>\n\t\t\t\t\t<\/div>\n\t\t\t\t<\/div>\n\t\t\t\t<\/div>\n\t\t\t\t<\/div>\n\t\t<div data-particle_enable=\"false\" data-particle-mobile-disabled=\"false\" class=\"elementor-element elementor-element-4182747 e-con-full e-flex wpr-particle-no wpr-jarallax-no wpr-parallax-no wpr-sticky-section-no e-con e-parent\" data-id=\"4182747\" data-element_type=\"container\" data-settings=\"{&quot;_ha_eqh_enable&quot;:false}\">\n\t\t\t\t<div class=\"elementor-element elementor-element-3def44c elementor-widget elementor-widget-daltech_contact_form\" data-id=\"3def44c\" data-element_type=\"widget\" data-widget_type=\"daltech_contact_form.default\">\n\t\t\t\t<div class=\"elementor-widget-container\">\n\t\t\t\r\n            <!--<< Contact Section Start Five >>-->\r\n            <section class=\"contact-main-area fix section-padding\">\r\n                <div class=\"container\">\r\n                    <div class=\"contact-main-wrapper\">\r\n                        <div class=\"row g-4\">\r\n                            <div class=\"col-lg-6\">\r\n                                <div class=\"contact-content\">\r\n                                    <div class=\"section-title mb-2\">\r\n                                        <span class=\"wow fadeInUp\"><\/span>\r\n                                        <h2 class=\"wow fadeInUp\" data-wow-delay=\".3s\">\r\n                                            Get in touch with us<\/h2>\r\n                                    <\/div>\r\n                                    <p class=\"mt-4 mt-md-0 wow fadeInUp\" data-wow-delay=\".4s\">\r\n                                                                            <\/p>\r\n                                    <div class=\"row g-4 mt-3\">\r\n                                                                                    <div class=\"col-lg-6 wow fadeInUp\" data-wow-delay=\".3s\">\r\n                                                <div class=\"info-items\">\r\n                                                    <div class=\"icon\">\r\n                                                                                                                                                                                                                                    <i class=\"fas fa-map-marker-alt\"><\/i>\r\n                                                                                                            <\/div>\r\n                                                    <div class=\"content\">\r\n                                                        <h5>Location<\/h5>\r\n                                                         <p>Avenida Italia 101 Parque Industrial R\u00edo Seco, Cerro Colorado, Arequipa - Per\u00fa<\/p>\r\n                                                    <\/div>\r\n                                                <\/div>\r\n                                            <\/div>\r\n                                                                                    <div class=\"col-lg-6 wow fadeInUp\" data-wow-delay=\".3s\">\r\n                                                <div class=\"info-items\">\r\n                                                    <div class=\"icon\">\r\n                                                                                                                                                                                                                                    <i class=\"fal fa-envelope\"><\/i>\r\n                                                                                                            <\/div>\r\n                                                    <div class=\"content\">\r\n                                                        <h5>Email<\/h5>\r\n                                                        <p>General: <br><a href=\"mailto:info@inkabor.com\" class=\"link\">info@inkabor.com<\/a><\/p>\r\n<p>Sales: <br><a href=\"mailto:ventas@inkabor.com\" class=\"link\">sales@inkabor.com<\/a><\/p>\r\n<p>Supplies: <br><a href=\"mailto:abastecimientos@inkabor.com\" class=\"link\">supplies@inkabor.com<\/a><\/p>\r\n                                                    <\/div>\r\n                                                <\/div>\r\n                                            <\/div>\r\n                                                                                    <div class=\"col-lg-6 wow fadeInUp\" data-wow-delay=\".3s\">\r\n                                                <div class=\"info-items\">\r\n                                                    <div class=\"icon\">\r\n                                                                                                                                                                                                                                    <i class=\"fad fa-share-alt\"><\/i>\r\n                                                                                                            <\/div>\r\n                                                    <div class=\"content\">\r\n                                                        <h5>Follow us<\/h5>\r\n                                                        <div class=\"social-icon d-flex align-items-center\">\r\n    <a href=\"https:\/\/pe.linkedin.com\/company\/inkabor\"><i class=\"fa fa-linkedin\"><\/i><\/a>\r\n<\/div>\r\n\r\n                                                    <\/div>\r\n                                                <\/div>\r\n                                            <\/div>\r\n                                                                                    <div class=\"col-lg-6 wow fadeInUp\" data-wow-delay=\".3s\">\r\n                                                <div class=\"info-items\">\r\n                                                    <div class=\"icon\">\r\n                                                                                                                                                                                                                                    <i class=\"far fa-phone\"><\/i>\r\n                                                                                                            <\/div>\r\n                                                    <div class=\"content\">\r\n                                                        <h5>Phone number<\/h5>\r\n                                                        <a href=\"tel: 054444400\">(054) 444400<\/a>\r\n                                                    <\/div>\r\n                                                <\/div>\r\n                                            <\/div>\r\n                                                                            <\/div>\r\n                                    <div class=\"contact-image wow fadeInUp\" data-wow-delay=\".4s\">\r\n                                        <img decoding=\"async\" src=\"https:\/\/www.inkabor.com\/wp-content\/uploads\/2024\/05\/Logo-Inkabor-horizontal.png\" alt=\"Inkabor\"  \/>                                    <\/div>\r\n                                <\/div>\r\n                            <\/div>\r\n                            <div class=\"col-lg-6 mt-5 mt-lg-0\">\r\n                                <div class=\"contact-form-items\">\r\n                                    <div class=\"contact-title\">\r\n                                        <h3 class=\"wow fadeInUp\" data-wow-delay=\".3s\">\r\n                                            Send us a message<\/h3>\r\n                                        <p class=\"wow fadeInUp\" data-wow-delay=\".5s\">\r\n                                            Fields marked with * are required.<\/p>\r\n                                    <\/div>\r\n                                    <div id=\"contact-form\">\r\n                                        <div class=\"wpforms-container wpforms-container-full wpforms-render-modern\" id=\"wpforms-2647\"><form id=\"wpforms-form-2647\" class=\"wpforms-validate wpforms-form wpforms-ajax-form\" data-formid=\"2647\" method=\"post\" enctype=\"multipart\/form-data\" action=\"\/wp-json\/wp\/v2\/pages\/121\" data-token=\"7ac4e39509b0eb88eeda5d8504a3d34a\" data-token-time=\"1777504904\" data-trp-original-action=\"\/en\/wp-json\/wp\/v2\/pages\/121\"><noscript class=\"wpforms-error-noscript\">Please enable JavaScript in your browser to complete this form.<\/noscript><div class=\"wpforms-hidden\" id=\"wpforms-error-noscript\">Please enable JavaScript in your browser to complete this form.<\/div><div class=\"wpforms-field-container\"><div id=\"wpforms-2647-field_1-container\" class=\"wpforms-field wpforms-field-name\" data-field-id=\"1\"><label class=\"wpforms-field-label\" for=\"wpforms-2647-field_1\">Name of contact <span class=\"wpforms-required-label\" aria-hidden=\"true\">*<\/span><\/label><input type=\"text\" id=\"wpforms-2647-field_1\" class=\"wpforms-field-large wpforms-field-required\" name=\"wpforms[fields][1]\" aria-errormessage=\"wpforms-2647-field_1-error\" required><\/div><div id=\"wpforms-2647-field_2-container\" class=\"wpforms-field wpforms-field-email\" data-field-id=\"2\"><label class=\"wpforms-field-label\" for=\"wpforms-2647-field_2\">Email <span class=\"wpforms-required-label\" aria-hidden=\"true\">*<\/span><\/label><input type=\"email\" id=\"wpforms-2647-field_2\" class=\"wpforms-field-large wpforms-field-required\" name=\"wpforms[fields][2]\" spellcheck=\"false\" aria-errormessage=\"wpforms-2647-field_2-error\" required><\/div><div id=\"wpforms-2647-field_4-container\" class=\"wpforms-field wpforms-field-text\" data-field-id=\"4\"><label class=\"wpforms-field-label\" for=\"wpforms-2647-field_4\">Subject<\/label><input type=\"text\" id=\"wpforms-2647-field_4\" class=\"wpforms-field-large\" name=\"wpforms[fields][4]\" aria-errormessage=\"wpforms-2647-field_4-error\" ><\/div><div id=\"wpforms-2647-field_3-container\" class=\"wpforms-field wpforms-field-textarea\" data-field-id=\"3\"><label class=\"wpforms-field-label\" for=\"wpforms-2647-field_3\">Message<\/label><textarea id=\"wpforms-2647-field_3\" class=\"wpforms-field-medium\" name=\"wpforms[fields][3]\" aria-errormessage=\"wpforms-2647-field_3-error\" ><\/textarea><\/div><\/div><!-- .wpforms-field-container --><div class=\"wpforms-submit-container\" ><input type=\"hidden\" name=\"wpforms[id]\" value=\"2647\"><input type=\"hidden\" name=\"page_title\" value=\"\"><input type=\"hidden\" name=\"page_url\" value=\"https:\/\/www.inkabor.com\/en\/wp-json\/wp\/v2\/pages\/121\"><button type=\"submit\" name=\"wpforms[submit]\" id=\"wpforms-submit-2647\" class=\"wpforms-submit\" data-alt-text=\"Enviando...\" data-submit-text=\"Enviar\" aria-live=\"assertive\" value=\"wpforms-submit\">Send<\/button><img decoding=\"async\" src=\"https:\/\/www.inkabor.com\/wp-content\/plugins\/wpforms-lite\/assets\/images\/submit-spin.svg\" class=\"wpforms-submit-spinner\" style=\"display: none;\" width=\"26\" height=\"26\" alt=\"Loading\"><\/div><input type=\"hidden\" name=\"trp-form-language\" value=\"en\"\/><\/form><\/div>  <!-- .wpforms-container -->                                    <\/div>\r\n                                <\/div>\r\n                            <\/div>\r\n                        <\/div>\r\n                    <\/div>\r\n                <\/div>\r\n            <\/section>\r\n            <!--<< Contact Section Start Five >>-->\r\n\r\n\t\t<\/div>\n\t\t\t\t<\/div>\n\t\t\t\t<\/div>\n\t\t<div data-particle_enable=\"false\" data-particle-mobile-disabled=\"false\" class=\"elementor-element elementor-element-3b080e3 e-flex e-con-boxed wpr-particle-no wpr-jarallax-no wpr-parallax-no wpr-sticky-section-no e-con e-parent\" data-id=\"3b080e3\" data-element_type=\"container\" data-settings=\"{&quot;_ha_eqh_enable&quot;:false}\">\n\t\t\t\t\t<div class=\"e-con-inner\">\n\t\t\t\t<div class=\"elementor-element elementor-element-ffd9af8 elementor-widget elementor-widget-image\" data-id=\"ffd9af8\" data-element_type=\"widget\" data-widget_type=\"image.default\">\n\t\t\t\t<div class=\"elementor-widget-container\">\n\t\t\t\t\t\t\t\t\t\t\t\t\t<img fetchpriority=\"high\" decoding=\"async\" width=\"1536\" height=\"618\" src=\"https:\/\/www.inkabor.com\/wp-content\/uploads\/2024\/12\/Captura-de-pantalla-2024-12-06-144733-1536x618.png\" class=\"attachment-1536x1536 size-1536x1536 wp-image-2617\" alt=\"\" srcset=\"https:\/\/www.inkabor.com\/wp-content\/uploads\/2024\/12\/Captura-de-pantalla-2024-12-06-144733-1536x618.png 1536w, https:\/\/www.inkabor.com\/wp-content\/uploads\/2024\/12\/Captura-de-pantalla-2024-12-06-144733-300x121.png 300w, https:\/\/www.inkabor.com\/wp-content\/uploads\/2024\/12\/Captura-de-pantalla-2024-12-06-144733-1024x412.png 1024w, https:\/\/www.inkabor.com\/wp-content\/uploads\/2024\/12\/Captura-de-pantalla-2024-12-06-144733-768x309.png 768w, https:\/\/www.inkabor.com\/wp-content\/uploads\/2024\/12\/Captura-de-pantalla-2024-12-06-144733-18x7.png 18w, https:\/\/www.inkabor.com\/wp-content\/uploads\/2024\/12\/Captura-de-pantalla-2024-12-06-144733.png 1681w\" sizes=\"(max-width: 1536px) 100vw, 1536px\" \/>\t\t\t\t\t\t\t\t\t\t\t\t\t<\/div>\n\t\t\t\t<\/div>\n\t\t\t\t\t<\/div>\n\t\t\t\t<\/div>\n\t\t<div data-particle_enable=\"false\" data-particle-mobile-disabled=\"false\" class=\"elementor-element elementor-element-32f4802 e-con-full elementor-hidden-desktop elementor-hidden-tablet elementor-hidden-mobile e-flex wpr-particle-no wpr-jarallax-no wpr-parallax-no wpr-sticky-section-no e-con e-parent\" data-id=\"32f4802\" data-element_type=\"container\" data-settings=\"{&quot;_ha_eqh_enable&quot;:false}\">\n\t\t\t\t<div class=\"elementor-element elementor-element-6e1dead elementor-widget elementor-widget-google_maps\" data-id=\"6e1dead\" data-element_type=\"widget\" data-widget_type=\"google_maps.default\">\n\t\t\t\t<div class=\"elementor-widget-container\">\n\t\t\t\t\t<div class=\"elementor-custom-embed\">\n\t\t\t<iframe loading=\"lazy\"\n\t\t\t\t\tsrc=\"https:\/\/maps.google.com\/maps?q=Inkabor&#038;t=m&#038;z=10&#038;output=embed&#038;iwloc=near\"\n\t\t\t\t\ttitle=\"Inkabor\"\n\t\t\t\t\taria-label=\"Inkabor\"\n\t\t\t><\/iframe>\n\t\t<\/div>\n\t\t\t\t<\/div>\n\t\t\t\t<\/div>\n\t\t\t\t<\/div>\n\t\t\t\t<\/div>","protected":false},"excerpt":{"rendered":"<p>Inicio Ponte en contacto Ubicaci\u00f3n Avenida Italia 101 Parque Industrial R\u00edo Seco, Cerro Colorado, Arequipa &#8211; Per\u00fa Email General: info@inkabor.com Ventas: ventas@inkabor.com Abastecimientos: abastecimientos@inkabor.com Redes sociales Tel\u00e9fono (054) 444400 Env\u00edanos un mensaje Los campos marcados con * son obligatorios Please enable JavaScript in your browser to complete this form.Please enable JavaScript in your browser to complete this form.Nombres y Apellidos *Direcci\u00f3n de correo electr\u00f3nico *AsuntoMensaje Enviar<\/p>","protected":false},"author":1,"featured_media":0,"parent":0,"menu_order":0,"comment_status":"closed","ping_status":"closed","template":"elementor_header_footer","meta":{"_monsterinsights_skip_tracking":false,"_monsterinsights_sitenote_active":false,"_monsterinsights_sitenote_note":"","_monsterinsights_sitenote_category":0,"footnotes":""},"class_list":["post-121","page","type-page","status-publish","hentry"],"_links":{"self":[{"href":"https:\/\/www.inkabor.com\/en\/wp-json\/wp\/v2\/pages\/121","targetHints":{"allow":["GET"]}}],"collection":[{"href":"https:\/\/www.inkabor.com\/en\/wp-json\/wp\/v2\/pages"}],"about":[{"href":"https:\/\/www.inkabor.com\/en\/wp-json\/wp\/v2\/types\/page"}],"author":[{"embeddable":true,"href":"https:\/\/www.inkabor.com\/en\/wp-json\/wp\/v2\/users\/1"}],"replies":[{"embeddable":true,"href":"https:\/\/www.inkabor.com\/en\/wp-json\/wp\/v2\/comments?post=121"}],"version-history":[{"count":47,"href":"https:\/\/www.inkabor.com\/en\/wp-json\/wp\/v2\/pages\/121\/revisions"}],"predecessor-version":[{"id":2653,"href":"https:\/\/www.inkabor.com\/en\/wp-json\/wp\/v2\/pages\/121\/revisions\/2653"}],"wp:attachment":[{"href":"https:\/\/www.inkabor.com\/en\/wp-json\/wp\/v2\/media?parent=121"}],"curies":[{"name":"wp","href":"https:\/\/api.w.org\/{rel}","templated":true}]}}