{"id":1747,"date":"2024-10-04T18:47:11","date_gmt":"2024-10-04T18:47:11","guid":{"rendered":"https:\/\/www.inkabor.com\/?page_id=1747"},"modified":"2024-11-29T19:58:47","modified_gmt":"2024-11-29T19:58:47","slug":"operaciones","status":"publish","type":"page","link":"https:\/\/www.inkabor.com\/en\/operaciones\/","title":{"rendered":"Operations"},"content":{"rendered":"<div data-elementor-type=\"wp-page\" data-elementor-id=\"1747\" class=\"elementor elementor-1747\" data-elementor-post-type=\"page\">\n\t\t\t\t<div data-particle_enable=\"false\" data-particle-mobile-disabled=\"false\" class=\"elementor-element elementor-element-27e5c06 e-con-full e-flex wpr-particle-no wpr-jarallax-no wpr-parallax-no wpr-sticky-section-no e-con e-parent\" data-id=\"27e5c06\" data-element_type=\"container\" data-settings=\"{&quot;_ha_eqh_enable&quot;:false}\">\n\t\t<div data-particle_enable=\"false\" data-particle-mobile-disabled=\"false\" class=\"elementor-element elementor-element-906cf1f e-con-full e-flex wpr-particle-no wpr-jarallax-no wpr-parallax-no wpr-sticky-section-no e-con e-child\" data-id=\"906cf1f\" data-element_type=\"container\" data-settings=\"{&quot;background_background&quot;:&quot;classic&quot;,&quot;_ha_eqh_enable&quot;:false}\">\n\t\t<div data-particle_enable=\"false\" data-particle-mobile-disabled=\"false\" class=\"elementor-element elementor-element-31d3691 e-flex e-con-boxed wpr-particle-no wpr-jarallax-no wpr-parallax-no wpr-sticky-section-no e-con e-child\" data-id=\"31d3691\" data-element_type=\"container\" data-settings=\"{&quot;_ha_eqh_enable&quot;:false}\">\n\t\t\t\t\t<div class=\"e-con-inner\">\n\t\t<div data-particle_enable=\"false\" data-particle-mobile-disabled=\"false\" class=\"elementor-element elementor-element-3fc4f44 e-con-full e-flex wpr-particle-no wpr-jarallax-no wpr-parallax-no wpr-sticky-section-no e-con e-child\" data-id=\"3fc4f44\" data-element_type=\"container\" data-settings=\"{&quot;_ha_eqh_enable&quot;:false}\">\n\t\t\t\t<div class=\"elementor-element elementor-element-b931876 elementor-position-left elementor-vertical-align-middle elementor-mobile-position-left elementor-view-default elementor-widget elementor-widget-icon-box\" data-id=\"b931876\" data-element_type=\"widget\" data-widget_type=\"icon-box.default\">\n\t\t\t\t<div class=\"elementor-widget-container\">\n\t\t\t\t\t<div class=\"elementor-icon-box-wrapper\">\n\n\t\t\t\t\t\t<div class=\"elementor-icon-box-icon\">\n\t\t\t\t<a href=\"https:\/\/www.inkabor.com\/en\" class=\"elementor-icon elementor-animation-\" tabindex=\"-1\">\n\t\t\t\t<svg aria-hidden=\"true\" class=\"e-font-icon-svg e-fas-home\" viewbox=\"0 0 576 512\" xmlns=\"http:\/\/www.w3.org\/2000\/svg\"><path d=\"M280.37 148.26L96 300.11V464a16 16 0 0 0 16 16l112.06-.29a16 16 0 0 0 15.92-16V368a16 16 0 0 1 16-16h64a16 16 0 0 1 16 16v95.64a16 16 0 0 0 16 16.05L464 480a16 16 0 0 0 16-16V300L295.67 148.26a12.19 12.19 0 0 0-15.3 0zM571.6 251.47L488 182.56V44.05a12 12 0 0 0-12-12h-56a12 12 0 0 0-12 12v72.61L318.47 43a48 48 0 0 0-61 0L4.34 251.47a12 12 0 0 0-1.6 16.9l25.5 31A12 12 0 0 0 45.15 301l235.22-193.74a12.19 12.19 0 0 1 15.3 0L530.9 301a12 12 0 0 0 16.9-1.6l25.5-31a12 12 0 0 0-1.7-16.93z\"><\/path><\/svg>\t\t\t\t<\/a>\n\t\t\t<\/div>\n\t\t\t\n\t\t\t\t\t\t<div class=\"elementor-icon-box-content\">\n\n\t\t\t\t\t\t\t\t\t<h3 class=\"elementor-icon-box-title\">\n\t\t\t\t\t\t<a href=\"https:\/\/www.inkabor.com\/en\" >\n\t\t\t\t\t\t\tHome\t\t\t\t\t\t<\/a>\n\t\t\t\t\t<\/h3>\n\t\t\t\t\n\t\t\t\t\n\t\t\t<\/div>\n\t\t\t\n\t\t<\/div>\n\t\t\t\t<\/div>\n\t\t\t\t<\/div>\n\t\t\t\t<\/div>\n\t\t<div data-particle_enable=\"false\" data-particle-mobile-disabled=\"false\" class=\"elementor-element elementor-element-a8e6ce5 e-con-full e-flex wpr-particle-no wpr-jarallax-no wpr-parallax-no wpr-sticky-section-no e-con e-child\" data-id=\"a8e6ce5\" data-element_type=\"container\" data-settings=\"{&quot;_ha_eqh_enable&quot;:false}\">\n\t\t\t\t<div class=\"elementor-element elementor-element-f80507d elementor-view-default elementor-widget elementor-widget-icon\" data-id=\"f80507d\" data-element_type=\"widget\" data-widget_type=\"icon.default\">\n\t\t\t\t<div class=\"elementor-widget-container\">\n\t\t\t\t\t<div class=\"elementor-icon-wrapper\">\n\t\t\t<div class=\"elementor-icon\">\n\t\t\t<svg aria-hidden=\"true\" class=\"e-font-icon-svg e-fas-angle-right\" viewbox=\"0 0 256 512\" xmlns=\"http:\/\/www.w3.org\/2000\/svg\"><path d=\"M224.3 273l-136 136c-9.4 9.4-24.6 9.4-33.9 0l-22.6-22.6c-9.4-9.4-9.4-24.6 0-33.9l96.4-96.4-96.4-96.4c-9.4-9.4-9.4-24.6 0-33.9L54.3 103c9.4-9.4 24.6-9.4 33.9 0l136 136c9.5 9.4 9.5 24.6.1 34z\"><\/path><\/svg>\t\t\t<\/div>\n\t\t<\/div>\n\t\t\t\t<\/div>\n\t\t\t\t<\/div>\n\t\t\t\t<\/div>\n\t\t<div data-particle_enable=\"false\" data-particle-mobile-disabled=\"false\" class=\"elementor-element elementor-element-c2b9492 e-con-full e-flex wpr-particle-no wpr-jarallax-no wpr-parallax-no wpr-sticky-section-no e-con e-child\" data-id=\"c2b9492\" data-element_type=\"container\" data-settings=\"{&quot;_ha_eqh_enable&quot;:false}\">\n\t\t\t\t<\/div>\n\t\t\t\t\t<\/div>\n\t\t\t\t<\/div>\n\t\t\t\t<\/div>\n\t\t\t\t<\/div>\n\t\t<div data-particle_enable=\"false\" data-particle-mobile-disabled=\"false\" class=\"elementor-element elementor-element-6545016 e-flex e-con-boxed wpr-particle-no wpr-jarallax-no wpr-parallax-no wpr-sticky-section-no e-con e-parent\" data-id=\"6545016\" data-element_type=\"container\" data-settings=\"{&quot;_ha_eqh_enable&quot;:false}\">\n\t\t\t\t\t<div class=\"e-con-inner\">\n\t\t\t\t<div class=\"elementor-element elementor-element-0262d02 elementor-widget elementor-widget-heading\" data-id=\"0262d02\" data-element_type=\"widget\" data-widget_type=\"heading.default\">\n\t\t\t\t<div class=\"elementor-widget-container\">\n\t\t\t<h2 class=\"elementor-heading-title elementor-size-default\">R\u00edo Seco Unit<\/h2>\t\t<\/div>\n\t\t\t\t<\/div>\n\t\t\t\t<div class=\"elementor-element elementor-element-e2ca7db elementor-widget elementor-widget-heading\" data-id=\"e2ca7db\" data-element_type=\"widget\" data-widget_type=\"heading.default\">\n\t\t\t\t<div class=\"elementor-widget-container\">\n\t\t\t<h2 class=\"elementor-heading-title elementor-size-default\">Arequipa - Per\u00fa<\/h2>\t\t<\/div>\n\t\t\t\t<\/div>\n\t\t<div data-particle_enable=\"false\" data-particle-mobile-disabled=\"false\" class=\"elementor-element elementor-element-4ae9795 e-con-full e-flex wpr-particle-no wpr-jarallax-no wpr-parallax-no wpr-sticky-section-no e-con e-child\" data-id=\"4ae9795\" data-element_type=\"container\" data-settings=\"{&quot;background_background&quot;:&quot;slideshow&quot;,&quot;background_slideshow_gallery&quot;:[{&quot;id&quot;:1949,&quot;url&quot;:&quot;https:\\\/\\\/www.inkabor.com\\\/wp-content\\\/uploads\\\/2024\\\/10\\\/0O6A9874.jpg&quot;},{&quot;id&quot;:1946,&quot;url&quot;:&quot;https:\\\/\\\/www.inkabor.com\\\/wp-content\\\/uploads\\\/2024\\\/10\\\/ESTUDIO-Copy-1.jpg&quot;},{&quot;id&quot;:1945,&quot;url&quot;:&quot;https:\\\/\\\/www.inkabor.com\\\/wp-content\\\/uploads\\\/2024\\\/10\\\/fachada-noche.jpg&quot;},{&quot;id&quot;:1948,&quot;url&quot;:&quot;https:\\\/\\\/www.inkabor.com\\\/wp-content\\\/uploads\\\/2024\\\/10\\\/0O6A9833.jpg&quot;},{&quot;id&quot;:1947,&quot;url&quot;:&quot;https:\\\/\\\/www.inkabor.com\\\/wp-content\\\/uploads\\\/2024\\\/10\\\/0O6A0061.jpg&quot;},{&quot;id&quot;:1944,&quot;url&quot;:&quot;https:\\\/\\\/www.inkabor.com\\\/wp-content\\\/uploads\\\/2024\\\/10\\\/FERTIBAGRA-10G-1-3-1.jpg&quot;},{&quot;id&quot;:1943,&quot;url&quot;:&quot;https:\\\/\\\/www.inkabor.com\\\/wp-content\\\/uploads\\\/2024\\\/10\\\/Imagen-681.jpg&quot;},{&quot;id&quot;:1942,&quot;url&quot;:&quot;https:\\\/\\\/www.inkabor.com\\\/wp-content\\\/uploads\\\/2024\\\/10\\\/LAGUNA1.jpg&quot;}],&quot;background_slideshow_slide_duration&quot;:2000,&quot;background_slideshow_loop&quot;:&quot;yes&quot;,&quot;background_slideshow_slide_transition&quot;:&quot;fade&quot;,&quot;background_slideshow_transition_duration&quot;:500,&quot;_ha_eqh_enable&quot;:false}\">\n\t\t\t\t<div class=\"elementor-element elementor-element-aa22969 elementor-widget elementor-widget-spacer\" data-id=\"aa22969\" data-element_type=\"widget\" data-widget_type=\"spacer.default\">\n\t\t\t\t<div class=\"elementor-widget-container\">\n\t\t\t\t\t<div class=\"elementor-spacer\">\n\t\t\t<div class=\"elementor-spacer-inner\"><\/div>\n\t\t<\/div>\n\t\t\t\t<\/div>\n\t\t\t\t<\/div>\n\t\t\t\t<\/div>\n\t\t\t\t<div class=\"elementor-element elementor-element-852d1dd elementor-widget elementor-widget-text-editor\" data-id=\"852d1dd\" data-element_type=\"widget\" data-widget_type=\"text-editor.default\">\n\t\t\t\t<div class=\"elementor-widget-container\">\n\t\t\t\t\t\t\t<p>Inkabor's main mining activity is located in Laguna de Salinas. It is located at 4,100 meters above sea level in Arequipa \u2013 Peru. Inkabor extracts Ulexite from this deposit.<\/p><p>The extension of our mine at this location is 10,000 hectares. The open pit mine operates only 6 months a year due to the heavy rainy season.<\/p><p>The industrial unit is located in the city and consists of 4 production plants:\u00a0<\/p><p><style>\n    ul li::marker {<br \/>        color: #009EE2;<br \/>    }<br \/>  <\/style><\/p><ul style=\"list-style-type: disc; margin-left: 20px;\"><li><b><span style=\"color: #009ee2; font-weight: 200;\">Boric Acid Plant<\/span><\/b><\/li><li><b><span style=\"color: #009ee2; font-weight: 200;\">Ulexite Concentrator Plant<\/span><\/b><\/li><li><b><span style=\"color: #009ee2; font-weight: 200;\">Special Borates Plant<\/span><\/b><\/li><li><b><span style=\"color: #009ee2; font-weight: 200;\">Sodium Octoborate Plant<\/span><\/b><\/li><\/ul>\t\t\t\t\t\t<\/div>\n\t\t\t\t<\/div>\n\t\t\t\t\t<\/div>\n\t\t\t\t<\/div>\n\t\t<div data-particle_enable=\"false\" data-particle-mobile-disabled=\"false\" class=\"elementor-element elementor-element-64589cb e-flex e-con-boxed wpr-particle-no wpr-jarallax-no wpr-parallax-no wpr-sticky-section-no e-con e-parent\" data-id=\"64589cb\" data-element_type=\"container\" data-settings=\"{&quot;_ha_eqh_enable&quot;:false}\">\n\t\t\t\t\t<div class=\"e-con-inner\">\n\t\t\t\t<div class=\"elementor-element elementor-element-b94174a elementor-widget elementor-widget-heading\" data-id=\"b94174a\" data-element_type=\"widget\" data-widget_type=\"heading.default\">\n\t\t\t\t<div class=\"elementor-widget-container\">\n\t\t\t<h2 class=\"elementor-heading-title elementor-size-default\">Oruro Unit<\/h2>\t\t<\/div>\n\t\t\t\t<\/div>\n\t\t\t\t<div class=\"elementor-element elementor-element-969232c elementor-widget elementor-widget-heading\" data-id=\"969232c\" data-element_type=\"widget\" data-widget_type=\"heading.default\">\n\t\t\t\t<div class=\"elementor-widget-container\">\n\t\t\t<h2 class=\"elementor-heading-title elementor-size-default\">Oruro - Bolivia<\/h2>\t\t<\/div>\n\t\t\t\t<\/div>\n\t\t<div data-particle_enable=\"false\" data-particle-mobile-disabled=\"false\" class=\"elementor-element elementor-element-5178503 e-con-full e-flex wpr-particle-no wpr-jarallax-no wpr-parallax-no wpr-sticky-section-no e-con e-child\" data-id=\"5178503\" data-element_type=\"container\" data-settings=\"{&quot;_ha_eqh_enable&quot;:false}\">\n\t\t<div data-particle_enable=\"false\" data-particle-mobile-disabled=\"false\" class=\"elementor-element elementor-element-8684cfd e-con-full e-flex wpr-particle-no wpr-jarallax-no wpr-parallax-no wpr-sticky-section-no e-con e-child\" data-id=\"8684cfd\" data-element_type=\"container\" data-settings=\"{&quot;background_background&quot;:&quot;slideshow&quot;,&quot;background_slideshow_gallery&quot;:[{&quot;id&quot;:2183,&quot;url&quot;:&quot;https:\\\/\\\/www.inkabor.com\\\/wp-content\\\/uploads\\\/2024\\\/10\\\/1-5.png&quot;},{&quot;id&quot;:2175,&quot;url&quot;:&quot;https:\\\/\\\/www.inkabor.com\\\/wp-content\\\/uploads\\\/2024\\\/10\\\/2.jpg&quot;},{&quot;id&quot;:2176,&quot;url&quot;:&quot;https:\\\/\\\/www.inkabor.com\\\/wp-content\\\/uploads\\\/2024\\\/10\\\/3.jpg&quot;},{&quot;id&quot;:2177,&quot;url&quot;:&quot;https:\\\/\\\/www.inkabor.com\\\/wp-content\\\/uploads\\\/2024\\\/10\\\/4.jpg&quot;},{&quot;id&quot;:2178,&quot;url&quot;:&quot;https:\\\/\\\/www.inkabor.com\\\/wp-content\\\/uploads\\\/2024\\\/10\\\/5.jpg&quot;},{&quot;id&quot;:2179,&quot;url&quot;:&quot;https:\\\/\\\/www.inkabor.com\\\/wp-content\\\/uploads\\\/2024\\\/10\\\/6.jpg&quot;},{&quot;id&quot;:2180,&quot;url&quot;:&quot;https:\\\/\\\/www.inkabor.com\\\/wp-content\\\/uploads\\\/2024\\\/10\\\/7.jpg&quot;},{&quot;id&quot;:2181,&quot;url&quot;:&quot;https:\\\/\\\/www.inkabor.com\\\/wp-content\\\/uploads\\\/2024\\\/10\\\/8.jpg&quot;},{&quot;id&quot;:2182,&quot;url&quot;:&quot;https:\\\/\\\/www.inkabor.com\\\/wp-content\\\/uploads\\\/2024\\\/10\\\/9.jpg&quot;}],&quot;background_slideshow_slide_duration&quot;:2000,&quot;background_slideshow_loop&quot;:&quot;yes&quot;,&quot;background_slideshow_slide_transition&quot;:&quot;fade&quot;,&quot;background_slideshow_transition_duration&quot;:500,&quot;_ha_eqh_enable&quot;:false}\">\n\t\t\t\t<div class=\"elementor-element elementor-element-37ef923 elementor-widget elementor-widget-spacer\" data-id=\"37ef923\" data-element_type=\"widget\" data-widget_type=\"spacer.default\">\n\t\t\t\t<div class=\"elementor-widget-container\">\n\t\t\t\t\t<div class=\"elementor-spacer\">\n\t\t\t<div class=\"elementor-spacer-inner\"><\/div>\n\t\t<\/div>\n\t\t\t\t<\/div>\n\t\t\t\t<\/div>\n\t\t\t\t<\/div>\n\t\t\t\t<\/div>\n\t\t\t\t<div class=\"elementor-element elementor-element-6ed3630 elementor-widget elementor-widget-text-editor\" data-id=\"6ed3630\" data-element_type=\"widget\" data-widget_type=\"text-editor.default\">\n\t\t\t\t<div class=\"elementor-widget-container\">\n\t\t\t\t\t\t\t<p>Located in Oruro at 3,735 meters above sea level.<br \/><br \/><br \/>It's a granulation, drying and calcining plant.<br \/><br \/><br \/><\/p><p>Operates as a sister company under the name \u201cInkabor Bolivia SRL\u201d.<\/p>\t\t\t\t\t\t<\/div>\n\t\t\t\t<\/div>\n\t\t\t\t<div class=\"elementor-element elementor-element-ffb5ccd elementor-widget elementor-widget-text-editor\" data-id=\"ffb5ccd\" data-element_type=\"widget\" data-widget_type=\"text-editor.default\">\n\t\t\t\t<div class=\"elementor-widget-container\">\n\t\t\t\t\t\t\t<p>Here, natural ulexite from the Uyuni Salt Flat is processed under strict quality controls to ensure the specifications of its products according to our customers\u2019 needs.<\/p><p>\u00a0<\/p><p>In this process, only water moisture and the composition of the mineral are extracted, so that the use of its final products is compatible with organic agriculture.<\/p>\t\t\t\t\t\t<\/div>\n\t\t\t\t<\/div>\n\t\t\t\t<div class=\"elementor-element elementor-element-da51e6b elementor-widget elementor-widget-text-editor\" data-id=\"da51e6b\" data-element_type=\"widget\" data-widget_type=\"text-editor.default\">\n\t\t\t\t<div class=\"elementor-widget-container\">\n\t\t\t\t\t\t\t<p>As is a distinctive sign of Inkabor's activities, in addition to incorporating safety, environmental and occupational health procedures of the highest international level, we have also incorporated corporate social responsibility programs specifically with the communities surrounding our operations.<\/p>\t\t\t\t\t\t<\/div>\n\t\t\t\t<\/div>\n\t\t\t\t\t<\/div>\n\t\t\t\t<\/div>\n\t\t\t\t<\/div>","protected":false},"excerpt":{"rendered":"<p>Inicio Unidad R\u00edo Seco Arequipa &#8211; Per\u00fa La principal actividad minera de Inkabor se ubica en la Laguna de Salinas. Se encuentra ubicado a 4,100 metros sobre el nivel del mar en Arequipa &#8211; Per\u00fa. Inkabor extrae la Ulexita de este dep\u00f3sito. La extensi\u00f3n de nuestra mina en esta ubicaci\u00f3n es de 10.000 hect\u00e1reas. La mina a cielo abierto opera s\u00f3lo 6 meses al a\u00f1o debido a la temporada de fuertes lluvias. La unidad industrial est\u00e1 ubicada en la ciudad y consta de 5 plantas productoras:\u00a0 Planta de \u00c1cido b\u00f3rico Planta Concentradora de Ulexita Planta de Boratos Especiales Planta de Octoborato de Sodio Unidad Oruro Oruro &#8211; Bolivia Ubicado en Oruro a 3.735 m.s.n.m. Planta de granulaci\u00f3n, secado y calcinaci\u00f3n. Opera como empresa hermana bajo el nombre de \u201cInkabor Bolivia S.R.L.\u201d. Aqu\u00ed la ulexita natural del Salar de Uyuni es procesada bajo estrictos controles de calidad para asegurar las especificaciones de sus productos de acuerdo a las necesidades de nuestros clientes. \u00a0 En este proceso s\u00f3lo se extrae la humedad del agua y la composici\u00f3n del mineral, por lo que el uso de sus productos finales es compatible con la agricultura ecol\u00f3gica. Como es signo de distinci\u00f3n en las actividades de Inkabor, adem\u00e1s de incorporar procedimientos de seguridad, ambiente y salud ocupacional del m\u00e1s alto nivel internacional, hemos incorporado tambi\u00e9n programas de responsabilidad social empresarial espec\u00edficamente con las comunidades aleda\u00f1as a nuestras operaciones.<\/p>","protected":false},"author":1,"featured_media":0,"parent":0,"menu_order":0,"comment_status":"closed","ping_status":"closed","template":"elementor_header_footer","meta":{"_monsterinsights_skip_tracking":false,"_monsterinsights_sitenote_active":false,"_monsterinsights_sitenote_note":"","_monsterinsights_sitenote_category":0,"footnotes":""},"class_list":["post-1747","page","type-page","status-publish","hentry"],"_links":{"self":[{"href":"https:\/\/www.inkabor.com\/en\/wp-json\/wp\/v2\/pages\/1747","targetHints":{"allow":["GET"]}}],"collection":[{"href":"https:\/\/www.inkabor.com\/en\/wp-json\/wp\/v2\/pages"}],"about":[{"href":"https:\/\/www.inkabor.com\/en\/wp-json\/wp\/v2\/types\/page"}],"author":[{"embeddable":true,"href":"https:\/\/www.inkabor.com\/en\/wp-json\/wp\/v2\/users\/1"}],"replies":[{"embeddable":true,"href":"https:\/\/www.inkabor.com\/en\/wp-json\/wp\/v2\/comments?post=1747"}],"version-history":[{"count":39,"href":"https:\/\/www.inkabor.com\/en\/wp-json\/wp\/v2\/pages\/1747\/revisions"}],"predecessor-version":[{"id":2536,"href":"https:\/\/www.inkabor.com\/en\/wp-json\/wp\/v2\/pages\/1747\/revisions\/2536"}],"wp:attachment":[{"href":"https:\/\/www.inkabor.com\/en\/wp-json\/wp\/v2\/media?parent=1747"}],"curies":[{"name":"wp","href":"https:\/\/api.w.org\/{rel}","templated":true}]}}