{"id":2092,"date":"2024-10-07T21:54:27","date_gmt":"2024-10-07T21:54:27","guid":{"rendered":"https:\/\/www.inkabor.com\/?page_id=2092"},"modified":"2024-10-07T21:56:29","modified_gmt":"2024-10-07T21:56:29","slug":"uso-de-datos","status":"publish","type":"page","link":"https:\/\/www.inkabor.com\/en\/uso-de-datos\/","title":{"rendered":"Use of data"},"content":{"rendered":"<div data-elementor-type=\"wp-page\" data-elementor-id=\"2092\" class=\"elementor elementor-2092\" data-elementor-post-type=\"page\">\n\t\t\t\t<div data-particle_enable=\"false\" data-particle-mobile-disabled=\"false\" class=\"elementor-element elementor-element-885bf59 e-flex e-con-boxed wpr-particle-no wpr-jarallax-no wpr-parallax-no wpr-sticky-section-no e-con e-parent\" data-id=\"885bf59\" data-element_type=\"container\" data-settings=\"{&quot;_ha_eqh_enable&quot;:false}\">\n\t\t\t\t\t<div class=\"e-con-inner\">\n\t\t\t\t<div class=\"elementor-element elementor-element-d26b5a9 elementor-widget elementor-widget-text-editor\" data-id=\"d26b5a9\" data-element_type=\"widget\" data-widget_type=\"text-editor.default\">\n\t\t\t\t<div class=\"elementor-widget-container\">\n\t\t\t\t\t\t\t<strong>Use of Personal Data<\/strong>\n<br><br>\n\nAt Inkabor SAC, we value the privacy of our users and clients. The personal information we collect through our website is used exclusively to provide better service and more efficiently respond to your queries and requests. We guarantee that your data will be treated with complete confidentiality, in accordance with current regulations on the protection of personal data, and will not be shared with third parties without your express consent, except when required by law.\n<br><br>\n\n\nWe collect information such as names, emails, telephone numbers and any other relevant information for the purposes of contact, customer service and sending commercial communications, if you have authorized it. Users have the right to access, update or delete their data at any time, in accordance with our privacy policies.\n<br><br>\n\n\nIf you have any questions or wish to exercise your rights in relation to the use of your data, you can contact us through the channels provided on our website.\t\t\t\t\t\t<\/div>\n\t\t\t\t<\/div>\n\t\t\t\t\t<\/div>\n\t\t\t\t<\/div>\n\t\t\t\t<\/div>","protected":false},"excerpt":{"rendered":"<p>Uso de Datos Personales En Inkabor SAC, valoramos la privacidad de nuestros usuarios y clientes. La informaci\u00f3n personal que recopilamos a trav\u00e9s de nuestro sitio web es utilizada exclusivamente para brindar un mejor servicio y atender de manera m\u00e1s eficiente sus consultas y solicitudes. Garantizamos que sus datos ser\u00e1n tratados con total confidencialidad, de acuerdo con las normativas vigentes sobre protecci\u00f3n de datos personales, y no ser\u00e1n compartidos con terceros sin su consentimiento expreso, salvo cuando sea requerido por ley. Recopilamos informaci\u00f3n como nombres, correos electr\u00f3nicos, n\u00fameros de tel\u00e9fono y cualquier otra informaci\u00f3n relevante para fines de contacto, atenci\u00f3n al cliente y env\u00edo de comunicaciones comerciales, si as\u00ed lo ha autorizado. Los usuarios tienen el derecho de acceder, actualizar o eliminar sus datos en cualquier momento, conforme a nuestras pol\u00edticas de privacidad. Si tiene alguna duda o desea ejercer sus derechos en relaci\u00f3n con el uso de sus datos, puede contactarnos a trav\u00e9s de los canales proporcionados en nuestro sitio web.<\/p>","protected":false},"author":1,"featured_media":0,"parent":0,"menu_order":0,"comment_status":"closed","ping_status":"closed","template":"elementor_header_footer","meta":{"_monsterinsights_skip_tracking":false,"_monsterinsights_sitenote_active":false,"_monsterinsights_sitenote_note":"","_monsterinsights_sitenote_category":0,"footnotes":""},"class_list":["post-2092","page","type-page","status-publish","hentry"],"_links":{"self":[{"href":"https:\/\/www.inkabor.com\/en\/wp-json\/wp\/v2\/pages\/2092","targetHints":{"allow":["GET"]}}],"collection":[{"href":"https:\/\/www.inkabor.com\/en\/wp-json\/wp\/v2\/pages"}],"about":[{"href":"https:\/\/www.inkabor.com\/en\/wp-json\/wp\/v2\/types\/page"}],"author":[{"embeddable":true,"href":"https:\/\/www.inkabor.com\/en\/wp-json\/wp\/v2\/users\/1"}],"replies":[{"embeddable":true,"href":"https:\/\/www.inkabor.com\/en\/wp-json\/wp\/v2\/comments?post=2092"}],"version-history":[{"count":6,"href":"https:\/\/www.inkabor.com\/en\/wp-json\/wp\/v2\/pages\/2092\/revisions"}],"predecessor-version":[{"id":2098,"href":"https:\/\/www.inkabor.com\/en\/wp-json\/wp\/v2\/pages\/2092\/revisions\/2098"}],"wp:attachment":[{"href":"https:\/\/www.inkabor.com\/en\/wp-json\/wp\/v2\/media?parent=2092"}],"curies":[{"name":"wp","href":"https:\/\/api.w.org\/{rel}","templated":true}]}}