{"id":2099,"date":"2024-10-07T21:57:10","date_gmt":"2024-10-07T21:57:10","guid":{"rendered":"https:\/\/www.inkabor.com\/?page_id=2099"},"modified":"2024-10-07T21:58:33","modified_gmt":"2024-10-07T21:58:33","slug":"uso-de-cookies","status":"publish","type":"page","link":"https:\/\/www.inkabor.com\/en\/uso-de-cookies\/","title":{"rendered":"Use of cookies"},"content":{"rendered":"<div data-elementor-type=\"wp-page\" data-elementor-id=\"2099\" class=\"elementor elementor-2099\" data-elementor-post-type=\"page\">\n\t\t\t\t<div data-particle_enable=\"false\" data-particle-mobile-disabled=\"false\" class=\"elementor-element elementor-element-1b013da e-flex e-con-boxed wpr-particle-no wpr-jarallax-no wpr-parallax-no wpr-sticky-section-no e-con e-parent\" data-id=\"1b013da\" data-element_type=\"container\" data-settings=\"{&quot;_ha_eqh_enable&quot;:false}\">\n\t\t\t\t\t<div class=\"e-con-inner\">\n\t\t\t\t<div class=\"elementor-element elementor-element-b0dc029 elementor-widget elementor-widget-text-editor\" data-id=\"b0dc029\" data-element_type=\"widget\" data-widget_type=\"text-editor.default\">\n\t\t\t\t<div class=\"elementor-widget-container\">\n\t\t\t\t\t\t\t<strong>Use of Cookies<\/strong>\n<br><br>\nAt Inkabor SAC, we use cookies to improve the browsing experience on our website. Cookies are small text files that are stored on your device when you visit our site. These allow us to personalize content, analyze site traffic and remember your preferences for future visits, in order to offer you a smoother and more efficient experience.\n<br><br>\n\nThe cookies we use can be of different types, such as:\n\n \t<li><strong>Necessary cookies<\/strong>: Essential for the basic functioning of the website.<\/li>\n \t<li><strong>Analysis cookies<\/strong>: Helping us understand how users interact with our site and improve its performance.<\/li>\n \t<li><strong>Functionality cookies<\/strong>: Allowing us to remember your preferences and settings to facilitate your navigation.<\/li>\n \t<li><strong>Advertising cookies<\/strong>: Used for offering relevant content based on your interests.<\/li>\n\n<br>\n\nYou have the option to accept or reject cookies at any time through your browser settings. Please note that if you decide to disable some cookies, certain functions of the site may be affected.\n<br><br>\n\nFor more information about the use of cookies or how to manage them, please consult our privacy policy or contact us through the means indicated on our website.\t\t\t\t\t\t<\/div>\n\t\t\t\t<\/div>\n\t\t\t\t\t<\/div>\n\t\t\t\t<\/div>\n\t\t\t\t<\/div>","protected":false},"excerpt":{"rendered":"<p>Uso de Cookies En Inkabor SAC, utilizamos cookies para mejorar la experiencia de navegaci\u00f3n en nuestro sitio web. Las cookies son peque\u00f1os archivos de texto que se almacenan en su dispositivo cuando visita nuestro sitio. Estas nos permiten personalizar el contenido, analizar el tr\u00e1fico del sitio y recordar sus preferencias para futuras visitas, con el fin de ofrecerle una experiencia m\u00e1s fluida y eficiente. Las cookies que utilizamos pueden ser de diferentes tipos, como: Cookies necesarias: esenciales para el funcionamiento b\u00e1sico del sitio web. Cookies de an\u00e1lisis: nos ayudan a entender c\u00f3mo los usuarios interact\u00faan con nuestro sitio y a mejorar su rendimiento. Cookies de funcionalidad: permiten recordar sus preferencias y configuraciones para facilitar su navegaci\u00f3n. Cookies publicitarias: utilizadas para ofrecer contenido relevante en funci\u00f3n de sus intereses. Usted tiene la opci\u00f3n de aceptar o rechazar las cookies en cualquier momento a trav\u00e9s de la configuraci\u00f3n de su navegador. Tenga en cuenta que, si decide desactivar algunas cookies, ciertas funciones del sitio podr\u00edan verse afectadas. Para obtener m\u00e1s informaci\u00f3n sobre el uso de cookies o c\u00f3mo administrarlas, consulte nuestra pol\u00edtica de privacidad o cont\u00e1ctenos a trav\u00e9s de los medios indicados en nuestro sitio web.<\/p>","protected":false},"author":1,"featured_media":0,"parent":0,"menu_order":0,"comment_status":"closed","ping_status":"closed","template":"elementor_header_footer","meta":{"_monsterinsights_skip_tracking":false,"_monsterinsights_sitenote_active":false,"_monsterinsights_sitenote_note":"","_monsterinsights_sitenote_category":0,"footnotes":""},"class_list":["post-2099","page","type-page","status-publish","hentry"],"_links":{"self":[{"href":"https:\/\/www.inkabor.com\/en\/wp-json\/wp\/v2\/pages\/2099","targetHints":{"allow":["GET"]}}],"collection":[{"href":"https:\/\/www.inkabor.com\/en\/wp-json\/wp\/v2\/pages"}],"about":[{"href":"https:\/\/www.inkabor.com\/en\/wp-json\/wp\/v2\/types\/page"}],"author":[{"embeddable":true,"href":"https:\/\/www.inkabor.com\/en\/wp-json\/wp\/v2\/users\/1"}],"replies":[{"embeddable":true,"href":"https:\/\/www.inkabor.com\/en\/wp-json\/wp\/v2\/comments?post=2099"}],"version-history":[{"count":3,"href":"https:\/\/www.inkabor.com\/en\/wp-json\/wp\/v2\/pages\/2099\/revisions"}],"predecessor-version":[{"id":2102,"href":"https:\/\/www.inkabor.com\/en\/wp-json\/wp\/v2\/pages\/2099\/revisions\/2102"}],"wp:attachment":[{"href":"https:\/\/www.inkabor.com\/en\/wp-json\/wp\/v2\/media?parent=2099"}],"curies":[{"name":"wp","href":"https:\/\/api.w.org\/{rel}","templated":true}]}}