{"id":949,"date":"2024-05-24T05:36:12","date_gmt":"2024-05-24T05:36:12","guid":{"rendered":"https:\/\/modinatheme.com\/daltech\/?page_id=949"},"modified":"2024-12-02T17:57:31","modified_gmt":"2024-12-02T17:57:31","slug":"productos","status":"publish","type":"page","link":"https:\/\/www.inkabor.com\/en\/productos\/","title":{"rendered":"Products"},"content":{"rendered":"<div data-elementor-type=\"wp-page\" data-elementor-id=\"949\" class=\"elementor elementor-949\" data-elementor-post-type=\"page\">\n\t\t\t\t<div data-particle_enable=\"false\" data-particle-mobile-disabled=\"false\" class=\"elementor-element elementor-element-3c18a4c e-con-full e-flex wpr-particle-no wpr-jarallax-no wpr-parallax-no wpr-sticky-section-no e-con e-parent\" data-id=\"3c18a4c\" data-element_type=\"container\" data-settings=\"{&quot;_ha_eqh_enable&quot;:false}\">\n\t\t<div data-particle_enable=\"false\" data-particle-mobile-disabled=\"false\" class=\"elementor-element elementor-element-721f9c3 e-con-full e-flex wpr-particle-no wpr-jarallax-no wpr-parallax-no wpr-sticky-section-no e-con e-child\" data-id=\"721f9c3\" data-element_type=\"container\" data-settings=\"{&quot;background_background&quot;:&quot;classic&quot;,&quot;_ha_eqh_enable&quot;:false}\">\n\t\t<div data-particle_enable=\"false\" data-particle-mobile-disabled=\"false\" class=\"elementor-element elementor-element-485411e e-flex e-con-boxed wpr-particle-no wpr-jarallax-no wpr-parallax-no wpr-sticky-section-no e-con e-child\" data-id=\"485411e\" data-element_type=\"container\" data-settings=\"{&quot;_ha_eqh_enable&quot;:false}\">\n\t\t\t\t\t<div class=\"e-con-inner\">\n\t\t<div data-particle_enable=\"false\" data-particle-mobile-disabled=\"false\" class=\"elementor-element elementor-element-8209e60 e-con-full e-flex wpr-particle-no wpr-jarallax-no wpr-parallax-no wpr-sticky-section-no e-con e-child\" data-id=\"8209e60\" data-element_type=\"container\" data-settings=\"{&quot;_ha_eqh_enable&quot;:false}\">\n\t\t\t\t<div class=\"elementor-element elementor-element-8b59b28 elementor-position-left elementor-vertical-align-middle elementor-mobile-position-left elementor-view-default elementor-widget elementor-widget-icon-box\" data-id=\"8b59b28\" data-element_type=\"widget\" data-widget_type=\"icon-box.default\">\n\t\t\t\t<div class=\"elementor-widget-container\">\n\t\t\t\t\t<div class=\"elementor-icon-box-wrapper\">\n\n\t\t\t\t\t\t<div class=\"elementor-icon-box-icon\">\n\t\t\t\t<a href=\"https:\/\/www.inkabor.com\/en\" class=\"elementor-icon elementor-animation-\" tabindex=\"-1\">\n\t\t\t\t<svg aria-hidden=\"true\" class=\"e-font-icon-svg e-fas-home\" viewbox=\"0 0 576 512\" xmlns=\"http:\/\/www.w3.org\/2000\/svg\"><path d=\"M280.37 148.26L96 300.11V464a16 16 0 0 0 16 16l112.06-.29a16 16 0 0 0 15.92-16V368a16 16 0 0 1 16-16h64a16 16 0 0 1 16 16v95.64a16 16 0 0 0 16 16.05L464 480a16 16 0 0 0 16-16V300L295.67 148.26a12.19 12.19 0 0 0-15.3 0zM571.6 251.47L488 182.56V44.05a12 12 0 0 0-12-12h-56a12 12 0 0 0-12 12v72.61L318.47 43a48 48 0 0 0-61 0L4.34 251.47a12 12 0 0 0-1.6 16.9l25.5 31A12 12 0 0 0 45.15 301l235.22-193.74a12.19 12.19 0 0 1 15.3 0L530.9 301a12 12 0 0 0 16.9-1.6l25.5-31a12 12 0 0 0-1.7-16.93z\"><\/path><\/svg>\t\t\t\t<\/a>\n\t\t\t<\/div>\n\t\t\t\n\t\t\t\t\t\t<div class=\"elementor-icon-box-content\">\n\n\t\t\t\t\t\t\t\t\t<h3 class=\"elementor-icon-box-title\">\n\t\t\t\t\t\t<a href=\"https:\/\/www.inkabor.com\/en\" >\n\t\t\t\t\t\t\tHome\t\t\t\t\t\t<\/a>\n\t\t\t\t\t<\/h3>\n\t\t\t\t\n\t\t\t\t\n\t\t\t<\/div>\n\t\t\t\n\t\t<\/div>\n\t\t\t\t<\/div>\n\t\t\t\t<\/div>\n\t\t\t\t<\/div>\n\t\t<div data-particle_enable=\"false\" data-particle-mobile-disabled=\"false\" class=\"elementor-element elementor-element-990ae52 e-con-full e-flex wpr-particle-no wpr-jarallax-no wpr-parallax-no wpr-sticky-section-no e-con e-child\" data-id=\"990ae52\" data-element_type=\"container\" data-settings=\"{&quot;_ha_eqh_enable&quot;:false}\">\n\t\t\t\t<div class=\"elementor-element elementor-element-1f47fc1 elementor-view-default elementor-widget elementor-widget-icon\" data-id=\"1f47fc1\" data-element_type=\"widget\" data-widget_type=\"icon.default\">\n\t\t\t\t<div class=\"elementor-widget-container\">\n\t\t\t\t\t<div class=\"elementor-icon-wrapper\">\n\t\t\t<div class=\"elementor-icon\">\n\t\t\t<svg aria-hidden=\"true\" class=\"e-font-icon-svg e-fas-angle-right\" viewbox=\"0 0 256 512\" xmlns=\"http:\/\/www.w3.org\/2000\/svg\"><path d=\"M224.3 273l-136 136c-9.4 9.4-24.6 9.4-33.9 0l-22.6-22.6c-9.4-9.4-9.4-24.6 0-33.9l96.4-96.4-96.4-96.4c-9.4-9.4-9.4-24.6 0-33.9L54.3 103c9.4-9.4 24.6-9.4 33.9 0l136 136c9.5 9.4 9.5 24.6.1 34z\"><\/path><\/svg>\t\t\t<\/div>\n\t\t<\/div>\n\t\t\t\t<\/div>\n\t\t\t\t<\/div>\n\t\t\t\t<\/div>\n\t\t<div data-particle_enable=\"false\" data-particle-mobile-disabled=\"false\" class=\"elementor-element elementor-element-f82034f e-con-full e-flex wpr-particle-no wpr-jarallax-no wpr-parallax-no wpr-sticky-section-no e-con e-child\" data-id=\"f82034f\" data-element_type=\"container\" data-settings=\"{&quot;_ha_eqh_enable&quot;:false}\">\n\t\t\t\t<\/div>\n\t\t\t\t\t<\/div>\n\t\t\t\t<\/div>\n\t\t\t\t<\/div>\n\t\t\t\t<\/div>\n\t\t<div data-particle_enable=\"false\" data-particle-mobile-disabled=\"false\" class=\"elementor-element elementor-element-558decb e-con-full e-flex wpr-particle-no wpr-jarallax-no wpr-parallax-no wpr-sticky-section-no e-con e-parent\" data-id=\"558decb\" data-element_type=\"container\" data-settings=\"{&quot;_ha_eqh_enable&quot;:false}\">\n\t\t\t\t<div class=\"elementor-element elementor-element-8c5cb37 elementor-widget elementor-widget-daltech_project\" data-id=\"8c5cb37\" data-element_type=\"widget\" data-widget_type=\"daltech_project.default\">\n\t\t\t\t<div class=\"elementor-widget-container\">\n\t\t\t\r\n            <!-- Strat  Project Style Four -->\r\n            <div class=\"container\">\r\n                <div class=\"project-details-wrapper\">\r\n\r\n                                            <div class=\"project-details-content\">\r\n                            <div class=\"row\">\r\n                                <div class=\"col-lg-4\">\r\n                                    <div class=\"title-content\">\r\n                                        <h2>\r\n                                            Benefits of Boron                                        <\/h2>\r\n                                    <\/div>\r\n                                <\/div>\r\n                                <div class=\"col-lg-1\"><\/div>\r\n                                <div class=\"col-lg-6\">\r\n                                    <div class=\"details-content\">\r\n                                        <p>\r\n                                            The use of boron products gives a myriad of benefits in several industries. From agriculture to manufacturing, boron plays a crucial role in enhancing product quality and performance. In agriculture, boron improves soil fertility and promotes robust plant growth, leading to higher yields and healthier crops. In manufacturing, boron compounds serve as essential components in ceramics, glass, and detergents, imparting strength, durability, and thermal resistance to end products. Moreover, boron is indispensable in the production of advanced materials like borosilicate glass, known for its exceptional clarity and chemical resistance. With its diverse applications and versatile properties, incorporating boron into processes and products elevates efficiency, sustainability, and overall performance.                                        <\/p>\r\n                                        <div class=\"list-items\">\r\n  <ul>\r\n    <li>\r\n      <i class=\"far fa-check\"><\/i>\r\n      In agriculture\r\n    <\/li>\r\n    <li>\r\n      <i class=\"far fa-check\"><\/i>\r\n      In ceramic and glass manufacturing\r\n    <\/li>\r\n    <li>\r\n      <i class=\"far fa-check\"><\/i>\r\n      Other uses\r\n    <\/li>\r\n  <\/ul>\r\n  <ul>\r\n    <li>\r\n      <i class=\"far fa-check\"><\/i>\r\n      In advanced materials\r\n    <\/li>\r\n    <li>\r\n      <i class=\"far fa-check\"><\/i>\r\n      In detergent production\r\n    <\/li>\r\n  <\/ul>\r\n<\/div>\r\n                                    <\/div>\r\n                                <\/div>\r\n                            <\/div>\r\n                        <\/div>\r\n                                            <div class=\"project-details-content style-2\">\r\n                            <div class=\"row\">\r\n                                <div class=\"col-lg-4\">\r\n                                    <div class=\"title-content\">\r\n                                        <h2>\r\n                                            Boron uses                                        <\/h2>\r\n                                    <\/div>\r\n                                <\/div>\r\n                                <div class=\"col-lg-1\"><\/div>\r\n                                <div class=\"col-lg-6\">\r\n                                    <div class=\"details-content\">\r\n                                        <p>\r\n                                                                                    <\/p>\r\n                                        <div class=\"list-items-area\">\r\n    <div class=\"icon\">\r\n        <i class=\"fas fa-check-circle\"><\/i>\r\n        Agriculture\r\n    <\/div>\r\n    <p>\r\n        Boron fertilizers improve soil fertility, promote healthy plant growth and increase crop yields.\r\n    <\/p>\r\n<\/div>\r\n<div class=\"list-items-area\">\r\n    <div class=\"icon\">\r\n        <i class=\"fas fa-check-circle\"><\/i>\r\n        Glass and ceramics manufacturing\r\n    <\/div>\r\n    <p>\r\n        Boron is a key component in the production of borosilicate glass and ceramics, renowned for its durability, chemical resistance and thermal stability.\r\n    <\/p>\r\n<\/div>\r\n<div class=\"list-items-area\">\r\n    <div class=\"icon\">\r\n        <i class=\"fas fa-check-circle\"><\/i>\r\n        Cleaning products\r\n    <\/div>\r\n    <p>\r\n        Boron compounds act as water softeners and aid in the removal of stains, enhancing the effectiveness of detergents.\r\n    <\/p>\r\n<\/div>\r\n<div class=\"list-items-area\">\r\n    <div class=\"icon\">\r\n        <i class=\"fas fa-check-circle\"><\/i>\r\n        Metallurgy\r\n    <\/div>\r\n    <p>\r\n        Boron is added to steel and other alloys to improve hardenability, strength and wear resistance.\r\n    <\/p>\r\n<\/div>\r\n<div class=\"list-items-area\">\r\n    <div class=\"icon\">\r\n        <i class=\"fas fa-check-circle\"><\/i>\r\n        Flame retardants\r\n    <\/div>\r\n    <p>\r\n        Boron compounds are utilized as flame retardants in polymers and textiles, enhancing fire resistance and safety.\r\n    <\/p>\r\n<\/div>\r\n<div class=\"list-items-area\">\r\n    <div class=\"icon\">\r\n        <i class=\"fas fa-check-circle\"><\/i>\r\n        Electronics\r\n    <\/div>\r\n    <p>\r\n        Boron-doped semiconductors are used in electronic devices such as diodes and transistors, facilitating the flow of electric current.\r\n    <\/p>\r\n<\/div>\r\n                                    <\/div>\r\n                                <\/div>\r\n                            <\/div>\r\n                        <\/div>\r\n                                        <div class=\"project-details-image mt-0\">\r\n                        <div class=\"row g-4\">\r\n                            <div class=\"col-lg-6\">\r\n                                <img decoding=\"async\" src=\"https:\/\/www.inkabor.com\/wp-content\/uploads\/2024\/12\/Imagen-productos-1.jpg\" alt=\"Inkabor\"  \/>                            <\/div>\r\n                            <div class=\"col-lg-6\">\r\n                                <img decoding=\"async\" src=\"https:\/\/www.inkabor.com\/wp-content\/uploads\/2024\/11\/Imagen-productos-2.jpg\" alt=\"Inkabor\"  \/>                            <\/div>\r\n                        <\/div>\r\n                    <\/div>\r\n\r\n                <\/div>\r\n            <\/div>\r\n            <!-- End  Project Style Four -->\r\n\r\n        \t\t<\/div>\n\t\t\t\t<\/div>\n\t\t\t\t<\/div>\n\t\t<div data-particle_enable=\"false\" data-particle-mobile-disabled=\"false\" class=\"elementor-element elementor-element-b780a1b e-con-full e-flex wpr-particle-no wpr-jarallax-no wpr-parallax-no wpr-sticky-section-no e-con e-parent\" data-id=\"b780a1b\" data-element_type=\"container\" data-settings=\"{&quot;_ha_eqh_enable&quot;:false}\">\n\t\t\t\t<div class=\"elementor-element elementor-element-f07e76d elementor-widget elementor-widget-daltech_project\" data-id=\"f07e76d\" data-element_type=\"widget\" data-widget_type=\"daltech_project.default\">\n\t\t\t\t<div class=\"elementor-widget-container\">\n\t\t\t\r\n            <!-- Start  Project Style Two -->\r\n            <section class=\"case-study-2 fix section-padding\">\r\n                <div class=\"container\">\r\n                    <div class=\"section-title style-2 text-center\">\r\n                        <span class=\"wow fadeInUp\">\r\n                                                    <\/span>\r\n                        <h2 class=\"wow fadeInUp\" data-wow-delay=\".3s\">\r\n                            CHECK OUR <p style=\"color:#009ee2\">PRODUCTS<\/p>                        <\/h2>\r\n                    <\/div>\r\n                <\/div>\r\n                <div class=\"case-study-wrapper\">\r\n                    <div class=\"case-studies-carousel-active-2\">\r\n                                                    <div class=\"case-study-items\">\r\n                                <div class=\"case-study-image\">\r\n                                    <img decoding=\"async\" src=\"https:\/\/www.inkabor.com\/wp-content\/uploads\/2024\/10\/agro1-e1729697911141.jpg\" alt=\"Inkabor\"  \/>                                <\/div>\r\n                                <div class=\"case-study-content\">\r\n                                    <h3>\r\n                                        <a href=\"https:\/\/www.inkabor.com\/en\/productos-para-agricultura\/\">\r\n                                            Products for agriculture                                         <\/a>\r\n                                    <\/h3>\r\n                                    <p> <\/p>\r\n                                    <a href=\"https:\/\/www.inkabor.com\/en\/productos-para-agricultura\/\" class=\"icon\">\r\n                                        <i class=\"fal fa-arrow-right\"><\/i>\r\n                                    <\/a>\r\n                                <\/div>\r\n                            <\/div>\r\n                                                    <div class=\"case-study-items\">\r\n                                <div class=\"case-study-image\">\r\n                                    <img decoding=\"async\" src=\"https:\/\/www.inkabor.com\/wp-content\/uploads\/2024\/10\/worker-grinding-metal-metal-grinding-machine-with-2023-11-27-05-05-40-utc-1.jpg\" alt=\"Inkabor\"  \/>                                <\/div>\r\n                                <div class=\"case-study-content\">\r\n                                    <h3>\r\n                                        <a href=\"https:\/\/www.inkabor.com\/en\/productos-para-industrias\/\">\r\n                                            Products for industries                                         <\/a>\r\n                                    <\/h3>\r\n                                    <p> <\/p>\r\n                                    <a href=\"https:\/\/www.inkabor.com\/en\/productos-para-industrias\/\" class=\"icon\">\r\n                                        <i class=\"fal fa-arrow-right\"><\/i>\r\n                                    <\/a>\r\n                                <\/div>\r\n                            <\/div>\r\n                        \r\n                    <\/div>\r\n                <\/div>\r\n            <\/section>\r\n            <!-- End  Project Style Two -->\r\n\r\n            <script>\r\n                (function($) {\r\n                    \"use strict\";\r\n                    $(document).ready(function() {\r\n                        if ($('.case-studies-carousel-active-2').length > 0) {\r\n                            $('.case-studies-carousel-active-2').slick({\r\n                                autoplay: true,\r\n                                autoplaySpeed: 1500,\r\n                                speed: 1000,\r\n                                arrows: false,\r\n                                slidesToShow: 3,\r\n                                slidesToScroll: 1,\r\n                                dots: false,\r\n                                dotsClass: 'slide-dots',\r\n                                responsive: [{\r\n                                        breakpoint: 1499,\r\n                                        settings: {\r\n                                            slidesToShow: 3,\r\n                                        }\r\n                                    },\r\n                                    {\r\n                                        breakpoint: 1399,\r\n                                        settings: {\r\n                                            slidesToShow: 2,\r\n                                        }\r\n                                    },\r\n                                    {\r\n                                        breakpoint: 768,\r\n                                        settings: {\r\n                                            slidesToShow: 2,\r\n                                            center: true,\r\n                                        }\r\n                                    },\r\n                                    {\r\n                                        breakpoint: 700,\r\n                                        settings: {\r\n                                            slidesToShow: 1\r\n                                        }\r\n                                    }\r\n                                ],\r\n\r\n                            });\r\n                        }\r\n\r\n                    });\r\n                }(jQuery));\r\n            <\/script>\r\n\r\n        \t\t<\/div>\n\t\t\t\t<\/div>\n\t\t\t\t<\/div>\n\t\t\t\t<\/div>","protected":false},"excerpt":{"rendered":"<p>Inicio Beneficios del boro El boro ofrece numerosos beneficios en diversas industrias, por ejemplo, los fertilizantes de boro mejoran la fertilidad del suelo y fomentan un crecimiento saludable de las plantas, lo que se traduce en mayores rendimientos. Por otro lado, los compuestos de boro son esenciales en la producci\u00f3n de cer\u00e1mica, vidrio y detergentes, aportando fuerza y resistencia t\u00e9rmica. Tambi\u00e9n es clave en la fabricaci\u00f3n de materiales avanzados como el vidrio de borosilicato. Su versatilidad contribuye a la eficiencia y sostenibilidad en los procesos productivos. En agricultura En manufactura de cer\u00e1mica y vidrio Otros usos En materiales avanzados En producci\u00f3n de detergentes Usos del boro Agricultura Los fertilizantes de boro mejoran la fertilidad del suelo, promueven el crecimiento saludable de las plantas y aumentan el rendimiento de los cultivos. Fabricaci\u00f3n de vidrio y cer\u00e1mica El boro es un componente clave en la producci\u00f3n de cer\u00e1mica y vidrio de borosilicato, reconocido por su durabilidad, resistencia qu\u00edmica y estabilidad t\u00e9rmica. Productos de limpieza Los compuestos de boro act\u00faan como ablandadores de agua y ayudan en la eliminaci\u00f3n de manchas, potenciando la eficacia de los detergentes. Metalurgia Se a\u00f1ade boro al acero y otras aleaciones para mejorar la templabilidad, la solidez y la resistencia al desgaste. Retardantes de llama Los compuestos de boro se utilizan como retardantes de llama en pol\u00edmeros y textiles, mejorando la resistencia al fuego y la seguridad. Electr\u00f3nica Los semiconductores dopados con boro se utilizan en dispositivos electr\u00f3nicos como diodos y transistores, facilitando el flujo de corriente el\u00e9ctrica. DESCUBRE NUESTROS PRODUCTOS Productos para agricultura: Productos para industrias:<\/p>","protected":false},"author":1,"featured_media":0,"parent":0,"menu_order":0,"comment_status":"closed","ping_status":"closed","template":"elementor_header_footer","meta":{"_monsterinsights_skip_tracking":false,"_monsterinsights_sitenote_active":false,"_monsterinsights_sitenote_note":"","_monsterinsights_sitenote_category":0,"footnotes":""},"class_list":["post-949","page","type-page","status-publish","hentry"],"_links":{"self":[{"href":"https:\/\/www.inkabor.com\/en\/wp-json\/wp\/v2\/pages\/949","targetHints":{"allow":["GET"]}}],"collection":[{"href":"https:\/\/www.inkabor.com\/en\/wp-json\/wp\/v2\/pages"}],"about":[{"href":"https:\/\/www.inkabor.com\/en\/wp-json\/wp\/v2\/types\/page"}],"author":[{"embeddable":true,"href":"https:\/\/www.inkabor.com\/en\/wp-json\/wp\/v2\/users\/1"}],"replies":[{"embeddable":true,"href":"https:\/\/www.inkabor.com\/en\/wp-json\/wp\/v2\/comments?post=949"}],"version-history":[{"count":50,"href":"https:\/\/www.inkabor.com\/en\/wp-json\/wp\/v2\/pages\/949\/revisions"}],"predecessor-version":[{"id":2582,"href":"https:\/\/www.inkabor.com\/en\/wp-json\/wp\/v2\/pages\/949\/revisions\/2582"}],"wp:attachment":[{"href":"https:\/\/www.inkabor.com\/en\/wp-json\/wp\/v2\/media?parent=949"}],"curies":[{"name":"wp","href":"https:\/\/api.w.org\/{rel}","templated":true}]}}